{"id":152,"date":"2026-02-21T12:42:04","date_gmt":"2026-02-21T12:42:04","guid":{"rendered":"https:\/\/auboncoindemiguel.fr\/?page_id=152"},"modified":"2026-02-26T09:43:27","modified_gmt":"2026-02-26T09:43:27","slug":"a-propos","status":"publish","type":"page","link":"https:\/\/auboncoindemiguel.fr\/index.php\/a-propos\/","title":{"rendered":"A propos"},"content":{"rendered":"\t\t<div data-elementor-type=\"wp-page\" data-elementor-id=\"152\" class=\"elementor elementor-152\">\n\t\t\t\t<div class=\"elementor-element elementor-element-496ddd1 e-flex e-con-boxed e-con e-parent\" data-id=\"496ddd1\" data-element_type=\"container\" data-e-type=\"container\">\n\t\t\t\t\t<div class=\"e-con-inner\">\n\t\t\t\t<div class=\"elementor-element elementor-element-52c2b00 elementor-widget elementor-widget-text-editor\" data-id=\"52c2b00\" data-element_type=\"widget\" data-e-type=\"widget\" data-widget_type=\"text-editor.default\">\n\t\t\t\t\t\t\t\t\t<h2 data-start=\"362\" data-end=\"444\">Bienvenue au Bon Coin de Miguel, votre restaurant espagnol \u00e0 Vendays-Montalivet<\/h2><p data-start=\"446\" data-end=\"648\">Situ\u00e9 au c\u0153ur du village, au <strong data-start=\"475\" data-end=\"525\">15 Place de l&rsquo;\u00c9glise, 33930 Vendays-Montalivet<\/strong>, Au Bon Coin de Miguel est un restaurant espagnol convivial o\u00f9 saveurs, g\u00e9n\u00e9rosit\u00e9 et ambiance chaleureuse se rencontrent.<\/p><p data-start=\"650\" data-end=\"864\">Que vous soyez habitant de Vendays-Montalivet, de passage \u00e0 Montalivet-les-Bains ou en vacances sur la c\u00f4te m\u00e9docaine, notre restaurant vous accueille toute l\u2019ann\u00e9e pour d\u00e9couvrir une cuisine espagnole authentique.<\/p><hr data-start=\"866\" data-end=\"869\" \/><h3 data-start=\"871\" data-end=\"937\">Une cuisine espagnole authentique au c\u0153ur de Vendays-Montalivet<\/h3><p data-start=\"939\" data-end=\"1048\">Au Bon Coin de Miguel, nous mettons \u00e0 l\u2019honneur les sp\u00e9cialit\u00e9s traditionnelles espagnoles pr\u00e9par\u00e9es maison :<\/p><ul data-start=\"1050\" data-end=\"1191\"><li data-start=\"1050\" data-end=\"1070\"><p data-start=\"1052\" data-end=\"1070\">Tapas \u00e0 partager<\/p><\/li><li data-start=\"1071\" data-end=\"1088\"><p data-start=\"1073\" data-end=\"1088\">Paella maison<\/p><\/li><li data-start=\"1089\" data-end=\"1115\"><p data-start=\"1091\" data-end=\"1115\">Charcuteries ib\u00e9riques<\/p><\/li><li data-start=\"1116\" data-end=\"1154\"><p data-start=\"1118\" data-end=\"1154\">Poissons et viandes selon arrivage<\/p><\/li><li data-start=\"1155\" data-end=\"1191\"><p data-start=\"1157\" data-end=\"1191\">Desserts traditionnels espagnols<\/p><\/li><\/ul><p data-start=\"1193\" data-end=\"1321\">Nous s\u00e9lectionnons des produits frais et de qualit\u00e9 pour vous garantir une exp\u00e9rience culinaire fid\u00e8le aux saveurs de l\u2019Espagne.<\/p><p data-start=\"1323\" data-end=\"1470\">Si vous recherchez un <strong data-start=\"1345\" data-end=\"1389\">restaurant espagnol \u00e0 Vendays-Montalivet<\/strong> ou un <strong data-start=\"1396\" data-end=\"1439\">restaurant convivial pr\u00e8s de Montalivet<\/strong>, vous \u00eates \u00e0 la bonne adresse.<\/p><hr data-start=\"1472\" data-end=\"1475\" \/><h3 data-start=\"1477\" data-end=\"1528\">Un restaurant convivial sur la Place de l\u2019\u00c9glise<\/h3><p data-start=\"1530\" data-end=\"1656\">Notre \u00e9tablissement est id\u00e9alement situ\u00e9 <strong data-start=\"1571\" data-end=\"1613\">Place de l\u2019\u00c9glise \u00e0 Vendays-Montalivet<\/strong>, un emplacement central et facile d\u2019acc\u00e8s.<\/p><p data-start=\"1658\" data-end=\"1676\">Nous accueillons :<\/p><ul data-start=\"1678\" data-end=\"1800\"><li data-start=\"1678\" data-end=\"1694\"><p data-start=\"1680\" data-end=\"1694\">Les familles<\/p><\/li><li data-start=\"1695\" data-end=\"1717\"><p data-start=\"1697\" data-end=\"1717\">Les groupes d\u2019amis<\/p><\/li><li data-start=\"1718\" data-end=\"1746\"><p data-start=\"1720\" data-end=\"1746\">Les repas d\u2019anniversaire<\/p><\/li><li data-start=\"1747\" data-end=\"1772\"><p data-start=\"1749\" data-end=\"1772\">Les repas de vacances<\/p><\/li><li data-start=\"1773\" data-end=\"1800\"><p data-start=\"1775\" data-end=\"1800\">Les soir\u00e9es conviviales<\/p><\/li><\/ul><p data-start=\"1802\" data-end=\"1897\">Notre \u00e9quipe vous re\u00e7oit dans une ambiance chaleureuse et d\u00e9tendue, fid\u00e8le \u00e0 l\u2019esprit espagnol.<\/p><hr data-start=\"1899\" data-end=\"1902\" \/><h3 data-start=\"1904\" data-end=\"1963\">Pourquoi choisir notre restaurant \u00e0 Vendays-Montalivet ?<\/h3><p data-start=\"1965\" data-end=\"2148\">\u2714 Cuisine espagnole faite maison<br data-start=\"1997\" data-end=\"2000\" \/>\u2714 Produits frais et de saison<br data-start=\"2029\" data-end=\"2032\" \/>\u2714 Emplacement central \u00e0 Vendays-Montalivet<br data-start=\"2074\" data-end=\"2077\" \/>\u2714 Ambiance chaleureuse<br data-start=\"2099\" data-end=\"2102\" \/>\u2714 Id\u00e9al pour les habitants et les vacanciers<\/p><p data-start=\"2150\" data-end=\"2278\">Nous avons \u00e0 c\u0153ur de devenir une adresse incontournable pour tous ceux qui cherchent un <strong data-start=\"2238\" data-end=\"2277\">bon restaurant \u00e0 Vendays-Montalivet<\/strong>.<\/p><hr data-start=\"2280\" data-end=\"2283\" \/><h3 data-start=\"2285\" data-end=\"2310\">Informations pratiques<\/h3><p data-start=\"2312\" data-end=\"2390\">\ud83d\udccd <strong data-start=\"2315\" data-end=\"2340\">Au Bon Coin de Miguel<\/strong><br data-start=\"2340\" data-end=\"2343\" \/>15 Pl. de l&rsquo;\u00c9glise<br data-start=\"2361\" data-end=\"2364\" \/>33930 Vendays-Montalivet<\/p><p data-start=\"2392\" data-end=\"2430\">\ud83d\udcde 0783236745<br data-start=\"2409\" data-end=\"2412\" \/>\ud83d\udce7 contact@auboncoindemiguel.fr<\/p><p data-start=\"2432\" data-end=\"2530\">\ud83d\udc49 R\u00e9servez votre table et venez d\u00e9couvrir votre nouveau restaurant espagnol \u00e0 Vendays-Montalivet.<\/p>\t\t\t\t\t\t\t\t<\/div>\n\t\t\t\t\t<\/div>\n\t\t\t\t<\/div>\n\t\t\t\t<\/div>\n\t\t","protected":false},"excerpt":{"rendered":"<p>Bienvenue au Bon Coin de Miguel, votre restaurant espagnol \u00e0 Vendays-Montalivet Situ\u00e9 au c\u0153ur du village, au 15 Place de [&hellip;]<\/p>\n","protected":false},"author":1,"featured_media":0,"parent":0,"menu_order":0,"comment_status":"closed","ping_status":"closed","template":"","meta":{"_seopress_robots_primary_cat":"","_seopress_titles_title":"Restaurant Espagnol \u00e0 Vendays-Montalivet | Au bon coin de Miguel","_seopress_titles_desc":"D\u00e9couvrez l\u2019histoire d\u2019Au bon coin de Miguel, restaurant espagnol \u00e0 Vendays-Montalivet. Une cuisine maison, des produits frais et une ambiance conviviale.","_seopress_robots_index":"","site-sidebar-layout":"no-sidebar","site-content-layout":"","ast-site-content-layout":"full-width-container","site-content-style":"default","site-sidebar-style":"default","ast-global-header-display":"","ast-banner-title-visibility":"","ast-main-header-display":"","ast-hfb-above-header-display":"","ast-hfb-below-header-display":"","ast-hfb-mobile-header-display":"","site-post-title":"disabled","ast-breadcrumbs-content":"","ast-featured-img":"disabled","footer-sml-layout":"","ast-disable-related-posts":"","theme-transparent-header-meta":"","adv-header-id-meta":"","stick-header-meta":"","header-above-stick-meta":"","header-main-stick-meta":"","header-below-stick-meta":"","astra-migrate-meta-layouts":"default","ast-page-background-enabled":"default","ast-page-background-meta":{"desktop":{"background-color":"var(--ast-global-color-5)","background-image":"","background-repeat":"repeat","background-position":"center center","background-size":"auto","background-attachment":"scroll","background-type":"","background-media":"","overlay-type":"","overlay-color":"","overlay-opacity":"","overlay-gradient":""},"tablet":{"background-color":"","background-image":"","background-repeat":"repeat","background-position":"center center","background-size":"auto","background-attachment":"scroll","background-type":"","background-media":"","overlay-type":"","overlay-color":"","overlay-opacity":"","overlay-gradient":""},"mobile":{"background-color":"","background-image":"","background-repeat":"repeat","background-position":"center center","background-size":"auto","background-attachment":"scroll","background-type":"","background-media":"","overlay-type":"","overlay-color":"","overlay-opacity":"","overlay-gradient":""}},"ast-content-background-meta":{"desktop":{"background-color":"var(--ast-global-color-4)","background-image":"","background-repeat":"repeat","background-position":"center center","background-size":"auto","background-attachment":"scroll","background-type":"","background-media":"","overlay-type":"","overlay-color":"","overlay-opacity":"","overlay-gradient":""},"tablet":{"background-color":"var(--ast-global-color-4)","background-image":"","background-repeat":"repeat","background-position":"center center","background-size":"auto","background-attachment":"scroll","background-type":"","background-media":"","overlay-type":"","overlay-color":"","overlay-opacity":"","overlay-gradient":""},"mobile":{"background-color":"var(--ast-global-color-4)","background-image":"","background-repeat":"repeat","background-position":"center center","background-size":"auto","background-attachment":"scroll","background-type":"","background-media":"","overlay-type":"","overlay-color":"","overlay-opacity":"","overlay-gradient":""}},"footnotes":""},"class_list":["post-152","page","type-page","status-publish","hentry"],"_links":{"self":[{"href":"https:\/\/auboncoindemiguel.fr\/index.php\/wp-json\/wp\/v2\/pages\/152","targetHints":{"allow":["GET"]}}],"collection":[{"href":"https:\/\/auboncoindemiguel.fr\/index.php\/wp-json\/wp\/v2\/pages"}],"about":[{"href":"https:\/\/auboncoindemiguel.fr\/index.php\/wp-json\/wp\/v2\/types\/page"}],"author":[{"embeddable":true,"href":"https:\/\/auboncoindemiguel.fr\/index.php\/wp-json\/wp\/v2\/users\/1"}],"replies":[{"embeddable":true,"href":"https:\/\/auboncoindemiguel.fr\/index.php\/wp-json\/wp\/v2\/comments?post=152"}],"version-history":[{"count":5,"href":"https:\/\/auboncoindemiguel.fr\/index.php\/wp-json\/wp\/v2\/pages\/152\/revisions"}],"predecessor-version":[{"id":175,"href":"https:\/\/auboncoindemiguel.fr\/index.php\/wp-json\/wp\/v2\/pages\/152\/revisions\/175"}],"wp:attachment":[{"href":"https:\/\/auboncoindemiguel.fr\/index.php\/wp-json\/wp\/v2\/media?parent=152"}],"curies":[{"name":"wp","href":"https:\/\/api.w.org\/{rel}","templated":true}]}}