{"id":214,"date":"2026-03-02T15:31:51","date_gmt":"2026-03-02T15:31:51","guid":{"rendered":"https:\/\/auboncoindemiguel.fr\/?page_id=214"},"modified":"2026-03-02T15:39:24","modified_gmt":"2026-03-02T15:39:24","slug":"lepicerie","status":"publish","type":"page","link":"https:\/\/auboncoindemiguel.fr\/index.php\/lepicerie\/","title":{"rendered":"L&rsquo;\u00e9picerie"},"content":{"rendered":"\t\t<div data-elementor-type=\"wp-page\" data-elementor-id=\"214\" class=\"elementor elementor-214\">\n\t\t\t\t<div class=\"elementor-element elementor-element-ff76564 e-flex e-con-boxed e-con e-parent\" data-id=\"ff76564\" data-element_type=\"container\" data-e-type=\"container\">\n\t\t\t\t\t<div class=\"e-con-inner\">\n\t\t\t\t<div class=\"elementor-element elementor-element-6105efd elementor-widget elementor-widget-image\" data-id=\"6105efd\" data-element_type=\"widget\" data-e-type=\"widget\" data-widget_type=\"image.default\">\n\t\t\t\t\t\t\t\t\t\t\t\t\t\t\t<img fetchpriority=\"high\" decoding=\"async\" width=\"300\" height=\"200\" src=\"https:\/\/auboncoindemiguel.fr\/wp-content\/uploads\/2026\/03\/ChatGPT-Image-2-mars-2026-16_38_46-300x200.png\" class=\"attachment-medium size-medium wp-image-230\" alt=\"L&#039;\u00e9picerie Au bon coin de Miguel\" srcset=\"https:\/\/auboncoindemiguel.fr\/wp-content\/uploads\/2026\/03\/ChatGPT-Image-2-mars-2026-16_38_46-300x200.png 300w, https:\/\/auboncoindemiguel.fr\/wp-content\/uploads\/2026\/03\/ChatGPT-Image-2-mars-2026-16_38_46-1024x683.png 1024w, https:\/\/auboncoindemiguel.fr\/wp-content\/uploads\/2026\/03\/ChatGPT-Image-2-mars-2026-16_38_46-768x512.png 768w, https:\/\/auboncoindemiguel.fr\/wp-content\/uploads\/2026\/03\/ChatGPT-Image-2-mars-2026-16_38_46-200x133.png 200w, https:\/\/auboncoindemiguel.fr\/wp-content\/uploads\/2026\/03\/ChatGPT-Image-2-mars-2026-16_38_46.png 1536w\" sizes=\"(max-width: 300px) 100vw, 300px\" \/>\t\t\t\t\t\t\t\t\t\t\t\t\t\t\t<\/div>\n\t\t\t\t<div class=\"elementor-element elementor-element-abf59d0 elementor-widget elementor-widget-heading\" data-id=\"abf59d0\" data-element_type=\"widget\" data-e-type=\"widget\" data-widget_type=\"heading.default\">\n\t\t\t\t\t<h3 class=\"elementor-heading-title elementor-size-default\">\u00c9picerie &amp; Relais Pickup \u00e0 Vendays-Montalivet<\/h3>\t\t\t\t<\/div>\n\t\t\t\t<div class=\"elementor-element elementor-element-f97c1ce elementor-widget elementor-widget-text-editor\" data-id=\"f97c1ce\" data-element_type=\"widget\" data-e-type=\"widget\" data-widget_type=\"text-editor.default\">\n\t\t\t\t\t\t\t\t\t<p data-start=\"156\" data-end=\"322\">Situ\u00e9e au <strong data-start=\"166\" data-end=\"216\">15 Place de l\u2019\u00c9glise, 33930 Vendays-Montalivet<\/strong>, l\u2019\u00e9picerie <strong data-start=\"229\" data-end=\"254\">Au Bon Coin de Miguel<\/strong> vous accueille du mardi au dimanche de 10h \u00e0 14h et de 16h \u00e0 23h.<\/p><p data-start=\"324\" data-end=\"536\">En plein c\u0153ur du centre-bourg, notre \u00e9tablissement combine <strong data-start=\"383\" data-end=\"408\">\u00e9picerie de proximit\u00e9<\/strong>, produits fermiers, sandwichs pr\u00e9par\u00e9s sur place et d\u00e9sormais <strong data-start=\"471\" data-end=\"488\">Relais Pickup<\/strong> pour faciliter vos envois et retraits de colis.<\/p><hr data-start=\"538\" data-end=\"541\" \/><h3 data-start=\"543\" data-end=\"576\">\ud83d\uded2 Votre \u00e9picerie de proximit\u00e9<\/h3><p data-start=\"578\" data-end=\"594\">Nous proposons :<\/p><ul data-start=\"596\" data-end=\"713\"><li data-start=\"596\" data-end=\"621\"><p data-start=\"598\" data-end=\"621\">Produits du quotidien<\/p><\/li><li data-start=\"622\" data-end=\"656\"><p data-start=\"624\" data-end=\"656\">Produits fermiers s\u00e9lectionn\u00e9s<\/p><\/li><li data-start=\"657\" data-end=\"687\"><p data-start=\"659\" data-end=\"687\">Boissons et produits frais<\/p><\/li><li data-start=\"688\" data-end=\"713\"><p data-start=\"690\" data-end=\"713\">D\u00e9pannage alimentaire<\/p><\/li><\/ul><p data-start=\"715\" data-end=\"842\">Que vous soyez habitant de Vendays-Montalivet ou en vacances dans le M\u00e9doc, vous trouverez l\u2019essentiel \u00e0 deux pas de chez vous.<\/p><hr data-start=\"844\" data-end=\"847\" \/><h3 data-start=\"849\" data-end=\"883\">\ud83e\udd6a Sandwichs pr\u00e9par\u00e9s sur place<\/h3><p data-start=\"885\" data-end=\"1120\">Envie d\u2019un repas rapide et gourmand ?<br data-start=\"922\" data-end=\"925\" \/>Nous pr\u00e9parons vos sandwichs \u00e0 la demande, comme le classique jambon-beurre avec jambon tranch\u00e9 \u00e0 la coupe et pain frais.<br data-start=\"1046\" data-end=\"1049\" \/>Id\u00e9al pour la pause d\u00e9jeuner ou \u00e0 emporter vers la plage de Montalivet.<\/p><hr data-start=\"1122\" data-end=\"1125\" \/><h3 data-start=\"1127\" data-end=\"1173\">\ud83d\udce6 Relais Pickup \u2013 D\u00e9p\u00f4t &amp; Retrait de colis<\/h3><p data-start=\"1175\" data-end=\"1249\">Notre \u00e9picerie est \u00e9galement <strong data-start=\"1204\" data-end=\"1221\">Relais Pickup<\/strong>, partenaire des r\u00e9seaux :<\/p><ul data-start=\"1251\" data-end=\"1334\"><li data-start=\"1251\" data-end=\"1292\"><p data-start=\"1253\" data-end=\"1292\"><span class=\"hover:entity-accent entity-underline inline cursor-pointer align-baseline\"><span class=\"whitespace-normal\">Chronopost<\/span><\/span><\/p><\/li><li data-start=\"1251\" data-end=\"1292\">Colissimo<\/li><li data-start=\"1293\" data-end=\"1334\"><p data-start=\"1295\" data-end=\"1334\"><span class=\"hover:entity-accent entity-underline inline cursor-pointer align-baseline\"><span class=\"whitespace-normal\">DPD<\/span><\/span><\/p><\/li><\/ul><p data-start=\"1336\" data-end=\"1349\">Vous pouvez :<\/p><p data-start=\"1351\" data-end=\"1442\">\u2714\ufe0f Retirer vos colis<br data-start=\"1371\" data-end=\"1374\" \/>\u2714\ufe0f D\u00e9poser vos retours<br data-start=\"1396\" data-end=\"1399\" \/>\u2714\ufe0f Envoyer vos colis via le r\u00e9seau Pickup<\/p><p data-start=\"1444\" data-end=\"1565\">Un service pratique pour les habitants de Vendays-Montalivet et des communes alentours, directement au centre du village.<\/p><hr data-start=\"1567\" data-end=\"1570\" \/><h3 data-start=\"1572\" data-end=\"1600\">\ud83d\udccd Informations pratiques<\/h3><p data-start=\"1602\" data-end=\"1725\"><strong data-start=\"1602\" data-end=\"1615\">Adresse :<\/strong> 15 Place de l\u2019\u00c9glise, 33930 Vendays-Montalivet<br data-start=\"1662\" data-end=\"1665\" \/><strong data-start=\"1665\" data-end=\"1679\">Horaires :<\/strong><br data-start=\"1679\" data-end=\"1682\" \/>Mardi au dimanche<br data-start=\"1699\" data-end=\"1702\" \/>10h \u2013 14h<br data-start=\"1711\" data-end=\"1714\" \/>16h \u2013 23h<\/p><hr data-start=\"1727\" data-end=\"1730\" \/><h3 data-start=\"1732\" data-end=\"1790\">Pourquoi choisir notre \u00e9picerie \u00e0 Vendays-Montalivet ?<\/h3><ul data-start=\"1792\" data-end=\"1916\"><li data-start=\"1792\" data-end=\"1815\"><p data-start=\"1794\" data-end=\"1815\">Emplacement central<\/p><\/li><li data-start=\"1816\" data-end=\"1835\"><p data-start=\"1818\" data-end=\"1835\">Horaires larges<\/p><\/li><li data-start=\"1836\" data-end=\"1860\"><p data-start=\"1838\" data-end=\"1860\">Service de proximit\u00e9<\/p><\/li><li data-start=\"1861\" data-end=\"1890\"><p data-start=\"1863\" data-end=\"1890\">Produits frais &amp; fermiers<\/p><\/li><li data-start=\"1891\" data-end=\"1916\"><p data-start=\"1893\" data-end=\"1916\">Relais colis pratique<\/p><\/li><\/ul>\t\t\t\t\t\t\t\t<\/div>\n\t\t\t\t\t<\/div>\n\t\t\t\t<\/div>\n\t\t\t\t<\/div>\n\t\t","protected":false},"excerpt":{"rendered":"<p>\u00c9picerie &amp; Relais Pickup \u00e0 Vendays-Montalivet Situ\u00e9e au 15 Place de l\u2019\u00c9glise, 33930 Vendays-Montalivet, l\u2019\u00e9picerie Au Bon Coin de Miguel [&hellip;]<\/p>\n","protected":false},"author":1,"featured_media":0,"parent":0,"menu_order":0,"comment_status":"closed","ping_status":"closed","template":"","meta":{"_seopress_robots_primary_cat":"","_seopress_titles_title":"\u00c9picerie & Relais Pickup \u00e0 Vendays-Montalivet - Au bon coin de Miguel","_seopress_titles_desc":"\u00c9picerie au 15 Place de l\u2019\u00c9glise \u00e0 Vendays-Montalivet : produits du quotidien, fermiers, sandwichs maison et Relais Pickup | Au bon coin de Miguel","_seopress_robots_index":"","site-sidebar-layout":"no-sidebar","site-content-layout":"","ast-site-content-layout":"full-width-container","site-content-style":"default","site-sidebar-style":"default","ast-global-header-display":"","ast-banner-title-visibility":"","ast-main-header-display":"","ast-hfb-above-header-display":"","ast-hfb-below-header-display":"","ast-hfb-mobile-header-display":"","site-post-title":"disabled","ast-breadcrumbs-content":"","ast-featured-img":"disabled","footer-sml-layout":"","ast-disable-related-posts":"","theme-transparent-header-meta":"","adv-header-id-meta":"","stick-header-meta":"","header-above-stick-meta":"","header-main-stick-meta":"","header-below-stick-meta":"","astra-migrate-meta-layouts":"default","ast-page-background-enabled":"default","ast-page-background-meta":{"desktop":{"background-color":"var(--ast-global-color-5)","background-image":"","background-repeat":"repeat","background-position":"center center","background-size":"auto","background-attachment":"scroll","background-type":"","background-media":"","overlay-type":"","overlay-color":"","overlay-opacity":"","overlay-gradient":""},"tablet":{"background-color":"","background-image":"","background-repeat":"repeat","background-position":"center center","background-size":"auto","background-attachment":"scroll","background-type":"","background-media":"","overlay-type":"","overlay-color":"","overlay-opacity":"","overlay-gradient":""},"mobile":{"background-color":"","background-image":"","background-repeat":"repeat","background-position":"center center","background-size":"auto","background-attachment":"scroll","background-type":"","background-media":"","overlay-type":"","overlay-color":"","overlay-opacity":"","overlay-gradient":""}},"ast-content-background-meta":{"desktop":{"background-color":"var(--ast-global-color-4)","background-image":"","background-repeat":"repeat","background-position":"center center","background-size":"auto","background-attachment":"scroll","background-type":"","background-media":"","overlay-type":"","overlay-color":"","overlay-opacity":"","overlay-gradient":""},"tablet":{"background-color":"var(--ast-global-color-4)","background-image":"","background-repeat":"repeat","background-position":"center center","background-size":"auto","background-attachment":"scroll","background-type":"","background-media":"","overlay-type":"","overlay-color":"","overlay-opacity":"","overlay-gradient":""},"mobile":{"background-color":"var(--ast-global-color-4)","background-image":"","background-repeat":"repeat","background-position":"center center","background-size":"auto","background-attachment":"scroll","background-type":"","background-media":"","overlay-type":"","overlay-color":"","overlay-opacity":"","overlay-gradient":""}},"footnotes":""},"class_list":["post-214","page","type-page","status-publish","hentry"],"_links":{"self":[{"href":"https:\/\/auboncoindemiguel.fr\/index.php\/wp-json\/wp\/v2\/pages\/214","targetHints":{"allow":["GET"]}}],"collection":[{"href":"https:\/\/auboncoindemiguel.fr\/index.php\/wp-json\/wp\/v2\/pages"}],"about":[{"href":"https:\/\/auboncoindemiguel.fr\/index.php\/wp-json\/wp\/v2\/types\/page"}],"author":[{"embeddable":true,"href":"https:\/\/auboncoindemiguel.fr\/index.php\/wp-json\/wp\/v2\/users\/1"}],"replies":[{"embeddable":true,"href":"https:\/\/auboncoindemiguel.fr\/index.php\/wp-json\/wp\/v2\/comments?post=214"}],"version-history":[{"count":11,"href":"https:\/\/auboncoindemiguel.fr\/index.php\/wp-json\/wp\/v2\/pages\/214\/revisions"}],"predecessor-version":[{"id":233,"href":"https:\/\/auboncoindemiguel.fr\/index.php\/wp-json\/wp\/v2\/pages\/214\/revisions\/233"}],"wp:attachment":[{"href":"https:\/\/auboncoindemiguel.fr\/index.php\/wp-json\/wp\/v2\/media?parent=214"}],"curies":[{"name":"wp","href":"https:\/\/api.w.org\/{rel}","templated":true}]}}