{"id":49,"date":"2026-02-09T11:14:13","date_gmt":"2026-02-09T11:14:13","guid":{"rendered":"https:\/\/auboncoindemiguel.fr\/?page_id=49"},"modified":"2026-02-26T09:44:26","modified_gmt":"2026-02-26T09:44:26","slug":"accueil","status":"publish","type":"page","link":"https:\/\/auboncoindemiguel.fr\/","title":{"rendered":"Accueil"},"content":{"rendered":"\t\t<div data-elementor-type=\"wp-page\" data-elementor-id=\"49\" class=\"elementor elementor-49\">\n\t\t\t\t<div class=\"elementor-element elementor-element-04551da e-flex e-con-boxed e-con e-parent\" data-id=\"04551da\" data-element_type=\"container\" data-e-type=\"container\" data-settings=\"{&quot;background_background&quot;:&quot;classic&quot;}\">\n\t\t\t\t\t<div class=\"e-con-inner\">\n\t\t\t\t\t<\/div>\n\t\t\t\t<\/div>\n\t\t<div class=\"elementor-element elementor-element-93fef61 e-flex e-con-boxed e-con e-parent\" data-id=\"93fef61\" data-element_type=\"container\" data-e-type=\"container\">\n\t\t\t\t\t<div class=\"e-con-inner\">\n\t\t\t\t<div class=\"elementor-element elementor-element-7c2abe0 elementor-widget elementor-widget-heading\" data-id=\"7c2abe0\" data-element_type=\"widget\" data-e-type=\"widget\" data-widget_type=\"heading.default\">\n\t\t\t\t\t<h3 class=\"elementor-heading-title elementor-size-default\">\ud83c\udf1e Bienvenue au Bon Coin de Miguel<\/h3>\t\t\t\t<\/div>\n\t\t<div class=\"elementor-element elementor-element-38bacc6 e-grid e-con-full e-con e-child\" data-id=\"38bacc6\" data-element_type=\"container\" data-e-type=\"container\">\n\t\t\t\t<div class=\"elementor-element elementor-element-0a7ac3c elementor-widget elementor-widget-text-editor\" data-id=\"0a7ac3c\" data-element_type=\"widget\" data-e-type=\"widget\" data-widget_type=\"text-editor.default\">\n\t\t\t\t\t\t\t\t\t<h4 data-start=\"218\" data-end=\"271\">L\u2019authenticit\u00e9 espagnole au c\u0153ur de votre assiette<\/h4><div><span style=\"font-style: inherit; font-weight: inherit;\">\u00a0<\/span><\/div><div><span style=\"font-style: inherit; font-weight: inherit;\">Au <\/span><strong style=\"font-style: inherit;\" data-start=\"276\" data-end=\"298\">Bon Coin de Miguel<\/strong><span style=\"font-style: inherit; font-weight: inherit;\">, nous vous invitons \u00e0 voyager en Espagne le temps d\u2019un repas.<\/span><\/div><p data-start=\"273\" data-end=\"507\">Cuisine g\u00e9n\u00e9reuse, produits frais, recettes traditionnelles et ambiance conviviale : ici, on partage bien plus qu\u2019un plat\u2026 on partage un moment.<\/p><p data-start=\"509\" data-end=\"654\"><img decoding=\"async\" class=\"emoji\" role=\"img\" draggable=\"false\" src=\"https:\/\/s.w.org\/images\/core\/emoji\/17.0.2\/svg\/1f525.svg\" alt=\"\ud83d\udd25\" \/> Sp\u00e9cialit\u00e9s maison<br data-start=\"530\" data-end=\"533\" \/><img decoding=\"async\" class=\"emoji\" role=\"img\" draggable=\"false\" src=\"https:\/\/s.w.org\/images\/core\/emoji\/17.0.2\/svg\/1f958.svg\" alt=\"\ud83e\udd58\" \/> Paella traditionnelle<br data-start=\"557\" data-end=\"560\" \/><img decoding=\"async\" class=\"emoji\" role=\"img\" draggable=\"false\" src=\"https:\/\/s.w.org\/images\/core\/emoji\/17.0.2\/svg\/1f357.svg\" alt=\"\ud83c\udf57\" \/> Poulet r\u00f4ti \u00e0 la r\u00f4tissoire<br data-start=\"590\" data-end=\"593\" \/><img decoding=\"async\" class=\"emoji\" role=\"img\" draggable=\"false\" src=\"https:\/\/s.w.org\/images\/core\/emoji\/17.0.2\/svg\/1f41f.svg\" alt=\"\ud83d\udc1f\" \/> Poissons selon arrivage<br data-start=\"619\" data-end=\"622\" \/><img decoding=\"async\" class=\"emoji\" role=\"img\" draggable=\"false\" src=\"https:\/\/s.w.org\/images\/core\/emoji\/17.0.2\/svg\/1f377.svg\" alt=\"\ud83c\udf77\" \/> S\u00e9lection de vins espagnols<\/p><p data-start=\"656\" data-end=\"698\"><img decoding=\"async\" class=\"emoji\" role=\"img\" draggable=\"false\" src=\"https:\/\/s.w.org\/images\/core\/emoji\/17.0.2\/svg\/1f449.svg\" alt=\"\ud83d\udc49\" \/> <a href=\"https:\/\/auboncoindemiguel.fr\/index.php\/reservation\/\"><strong data-start=\"659\" data-end=\"698\">R\u00e9servez votre table d\u00e8s maintenant<\/strong><\/a><\/p>\t\t\t\t\t\t\t\t<\/div>\n\t\t\t\t<div class=\"elementor-element elementor-element-d9a927d elementor-widget elementor-widget-image\" data-id=\"d9a927d\" data-element_type=\"widget\" data-e-type=\"widget\" data-widget_type=\"image.default\">\n\t\t\t\t\t\t\t\t\t\t\t\t\t\t\t<img alt=\"\" fetchpriority=\"high\" decoding=\"async\" width=\"1365\" height=\"2048\" src=\"https:\/\/auboncoindemiguel.fr\/wp-content\/uploads\/2026\/02\/spanich-paella-1365x2048.jpg\" class=\"attachment-2048x2048 size-2048x2048 wp-image-81\" alt=\"\" srcset=\"https:\/\/auboncoindemiguel.fr\/wp-content\/uploads\/2026\/02\/spanich-paella-1365x2048.jpg 1365w, https:\/\/auboncoindemiguel.fr\/wp-content\/uploads\/2026\/02\/spanich-paella-200x300.jpg 200w, https:\/\/auboncoindemiguel.fr\/wp-content\/uploads\/2026\/02\/spanich-paella-683x1024.jpg 683w, https:\/\/auboncoindemiguel.fr\/wp-content\/uploads\/2026\/02\/spanich-paella-768x1152.jpg 768w, https:\/\/auboncoindemiguel.fr\/wp-content\/uploads\/2026\/02\/spanich-paella-1024x1536.jpg 1024w, https:\/\/auboncoindemiguel.fr\/wp-content\/uploads\/2026\/02\/spanich-paella-scaled.jpg 1707w\" sizes=\"(max-width: 1365px) 100vw, 1365px\" \/>\t\t\t\t\t\t\t\t\t\t\t\t\t\t\t<\/div>\n\t\t\t\t<\/div>\n\t\t<div class=\"elementor-element elementor-element-70c64c4 e-grid e-con-boxed e-con e-child\" data-id=\"70c64c4\" data-element_type=\"container\" data-e-type=\"container\">\n\t\t\t\t\t<div class=\"e-con-inner\">\n\t\t\t\t<div class=\"elementor-element elementor-element-e5754f4 elementor-widget-divider--separator-type-pattern elementor-widget-divider--no-spacing elementor-widget-divider--view-line elementor-widget elementor-widget-divider\" data-id=\"e5754f4\" data-element_type=\"widget\" data-e-type=\"widget\" data-widget_type=\"divider.default\">\n\t\t\t\t\t\t\t<div class=\"elementor-divider\" style=\"--divider-pattern-url: url(&quot;data:image\/svg+xml,%3Csvg xmlns=&#039;http:\/\/www.w3.org\/2000\/svg&#039; preserveAspectRatio=&#039;xMidYMid meet&#039; overflow=&#039;visible&#039; height=&#039;100%&#039; viewBox=&#039;0 0 120 26&#039; fill=&#039;black&#039; stroke=&#039;none&#039;%3E%3Cpolygon points=&#039;0,14.4 0,21 11.5,12.4 21.3,20 30.4,11.1 40.3,20 51,12.4 60.6,20 69.6,11.1 79.3,20 90.1,12.4 99.6,20 109.7,11.1 120,21 120,14.4 109.7,5 99.6,13 90.1,5 79.3,14.5 71,5.7 60.6,12.4 51,5 40.3,14.5 31.1,5 21.3,13 11.5,5 \t&#039;\/%3E%3C\/svg%3E&quot;);\">\n\t\t\t<span class=\"elementor-divider-separator\">\n\t\t\t\t\t\t<\/span>\n\t\t<\/div>\n\t\t\t\t\t\t<\/div>\n\t\t\t\t\t<\/div>\n\t\t\t\t<\/div>\n\t\t\t\t\t<\/div>\n\t\t\t\t<\/div>\n\t\t<div class=\"elementor-element elementor-element-ed2e8d3 e-flex e-con-boxed e-con e-parent\" data-id=\"ed2e8d3\" data-element_type=\"container\" data-e-type=\"container\">\n\t\t\t\t\t<div class=\"e-con-inner\">\n\t\t\t\t<div class=\"elementor-element elementor-element-531c71a elementor-widget elementor-widget-heading\" data-id=\"531c71a\" data-element_type=\"widget\" data-e-type=\"widget\" data-widget_type=\"heading.default\">\n\t\t\t\t\t<h3 class=\"elementor-heading-title elementor-size-default\">\ud83c\udf7d\ufe0f Notre Menu<\/h3>\t\t\t\t<\/div>\n\t\t\t\t<div class=\"elementor-element elementor-element-6840a7c elementor-widget elementor-widget-text-editor\" data-id=\"6840a7c\" data-element_type=\"widget\" data-e-type=\"widget\" data-widget_type=\"text-editor.default\">\n\t\t\t\t\t\t\t\t\t<p data-start=\"754\" data-end=\"825\">Chaque jour, nous vous proposons une cuisine authentique et savoureuse.<\/p><h3 data-start=\"827\" data-end=\"856\">\ud83e\udd57 Entr\u00e9es \u2013 Buffet froid<\/h3><p data-start=\"857\" data-end=\"983\">Carottes r\u00e2p\u00e9es<br data-start=\"872\" data-end=\"875\" \/>C\u00e9leri<br data-start=\"881\" data-end=\"884\" \/>Betteraves<br data-start=\"894\" data-end=\"897\" \/>Pi\u00e9montaise<br data-start=\"908\" data-end=\"911\" \/>Charcuteries<br data-start=\"923\" data-end=\"926\" \/>\u0152ufs durs<br data-start=\"935\" data-end=\"938\" \/>Taboul\u00e9<br data-start=\"945\" data-end=\"948\" \/>P\u00e2t\u00e9 de t\u00eate<br data-start=\"960\" data-end=\"963\" \/>Et bien plus encore\u2026<\/p><h3 data-start=\"985\" data-end=\"997\">\ud83c\udf72 Plats<\/h3><p data-start=\"998\" data-end=\"1164\">\ud83d\udc1f Filet de lieu noir, saumon, encornets farcis (selon march\u00e9 frais)<br data-start=\"1066\" data-end=\"1069\" \/>\ud83e\udd69 Viande selon arrivage<br data-start=\"1093\" data-end=\"1096\" \/>\ud83c\udf57 Poulet r\u00f4ti \u00e0 la r\u00f4tissoire<br data-start=\"1126\" data-end=\"1129\" \/>\ud83c\udf36\ufe0f Rougail saucisses<br data-start=\"1150\" data-end=\"1153\" \/>\ud83e\udd58 Paella<\/p><p data-start=\"1166\" data-end=\"1218\">Une cuisine simple, g\u00e9n\u00e9reuse et faite avec passion.<\/p><p data-start=\"1220\" data-end=\"1252\">\ud83d\udc49 <a href=\"https:\/\/auboncoindemiguel.fr\/index.php\/menu\/\"><strong data-start=\"1223\" data-end=\"1252\">D\u00e9couvrir le menu complet<\/strong><\/a><\/p>\t\t\t\t\t\t\t\t<\/div>\n\t\t\t\t<div class=\"elementor-element elementor-element-6d0446a elementor-widget-divider--separator-type-pattern elementor-widget-divider--no-spacing elementor-widget-divider--view-line elementor-widget elementor-widget-divider\" data-id=\"6d0446a\" data-element_type=\"widget\" data-e-type=\"widget\" data-widget_type=\"divider.default\">\n\t\t\t\t\t\t\t<div class=\"elementor-divider\" style=\"--divider-pattern-url: url(&quot;data:image\/svg+xml,%3Csvg xmlns=&#039;http:\/\/www.w3.org\/2000\/svg&#039; preserveAspectRatio=&#039;xMidYMid meet&#039; overflow=&#039;visible&#039; height=&#039;100%&#039; viewBox=&#039;0 0 120 26&#039; fill=&#039;black&#039; stroke=&#039;none&#039;%3E%3Cpolygon points=&#039;0,14.4 0,21 11.5,12.4 21.3,20 30.4,11.1 40.3,20 51,12.4 60.6,20 69.6,11.1 79.3,20 90.1,12.4 99.6,20 109.7,11.1 120,21 120,14.4 109.7,5 99.6,13 90.1,5 79.3,14.5 71,5.7 60.6,12.4 51,5 40.3,14.5 31.1,5 21.3,13 11.5,5 \t&#039;\/%3E%3C\/svg%3E&quot;);\">\n\t\t\t<span class=\"elementor-divider-separator\">\n\t\t\t\t\t\t<\/span>\n\t\t<\/div>\n\t\t\t\t\t\t<\/div>\n\t\t\t\t<div class=\"elementor-element elementor-element-f345a1f elementor-widget elementor-widget-heading\" data-id=\"f345a1f\" data-element_type=\"widget\" data-e-type=\"widget\" data-widget_type=\"heading.default\">\n\t\t\t\t\t<h3 class=\"elementor-heading-title elementor-size-default\">\ud83c\udf3f Produits frais &amp; Fait maison<\/h3>\t\t\t\t<\/div>\n\t\t\t\t<div class=\"elementor-element elementor-element-fac513b elementor-widget elementor-widget-text-editor\" data-id=\"fac513b\" data-element_type=\"widget\" data-e-type=\"widget\" data-widget_type=\"text-editor.default\">\n\t\t\t\t\t\t\t\t\t<p data-start=\"1319\" data-end=\"1456\">Nous travaillons avec des produits frais et privil\u00e9gions les arrivages du march\u00e9 afin de garantir qualit\u00e9 et saveur dans chaque assiette.<\/p><p data-start=\"1458\" data-end=\"1553\">Notre cuisine respecte les traditions espagnoles tout en mettant en valeur des produits locaux.<\/p>\t\t\t\t\t\t\t\t<\/div>\n\t\t\t\t<div class=\"elementor-element elementor-element-44d5115 elementor-widget elementor-widget-heading\" data-id=\"44d5115\" data-element_type=\"widget\" data-e-type=\"widget\" data-widget_type=\"heading.default\">\n\t\t\t\t\t<h3 class=\"elementor-heading-title elementor-size-default\">\ud83c\udf89 Une ambiance chaleureuse<\/h3>\t\t\t\t<\/div>\n\t\t\t\t<div class=\"elementor-element elementor-element-2567a74 elementor-widget elementor-widget-text-editor\" data-id=\"2567a74\" data-element_type=\"widget\" data-e-type=\"widget\" data-widget_type=\"text-editor.default\">\n\t\t\t\t\t\t\t\t\t<p data-start=\"1591\" data-end=\"1768\">Que ce soit pour un d\u00e9jeuner entre coll\u00e8gues, un d\u00eener en famille ou un repas entre amis, <strong data-start=\"1681\" data-end=\"1706\">Au Bon Coin de Miguel<\/strong> vous accueille dans une atmosph\u00e8re conviviale et chaleureuse.<\/p><p data-start=\"1770\" data-end=\"1822\">Possibilit\u00e9 de repas de groupe et \u00e9v\u00e9nements priv\u00e9s.<\/p>\t\t\t\t\t\t\t\t<\/div>\n\t\t\t\t<div class=\"elementor-element elementor-element-4b2280a elementor-widget-divider--separator-type-pattern elementor-widget-divider--no-spacing elementor-widget-divider--view-line elementor-widget elementor-widget-divider\" data-id=\"4b2280a\" data-element_type=\"widget\" data-e-type=\"widget\" data-widget_type=\"divider.default\">\n\t\t\t\t\t\t\t<div class=\"elementor-divider\" style=\"--divider-pattern-url: url(&quot;data:image\/svg+xml,%3Csvg xmlns=&#039;http:\/\/www.w3.org\/2000\/svg&#039; preserveAspectRatio=&#039;xMidYMid meet&#039; overflow=&#039;visible&#039; height=&#039;100%&#039; viewBox=&#039;0 0 120 26&#039; fill=&#039;black&#039; stroke=&#039;none&#039;%3E%3Cpolygon points=&#039;0,14.4 0,21 11.5,12.4 21.3,20 30.4,11.1 40.3,20 51,12.4 60.6,20 69.6,11.1 79.3,20 90.1,12.4 99.6,20 109.7,11.1 120,21 120,14.4 109.7,5 99.6,13 90.1,5 79.3,14.5 71,5.7 60.6,12.4 51,5 40.3,14.5 31.1,5 21.3,13 11.5,5 \t&#039;\/%3E%3C\/svg%3E&quot;);\">\n\t\t\t<span class=\"elementor-divider-separator\">\n\t\t\t\t\t\t<\/span>\n\t\t<\/div>\n\t\t\t\t\t\t<\/div>\n\t\t\t\t<div class=\"elementor-element elementor-element-701c5db elementor-widget elementor-widget-heading\" data-id=\"701c5db\" data-element_type=\"widget\" data-e-type=\"widget\" data-widget_type=\"heading.default\">\n\t\t\t\t\t<h3 class=\"elementor-heading-title elementor-size-default\">\ud83d\udcc5 R\u00e9servez votre table<\/h3>\t\t\t\t<\/div>\n\t\t\t\t<div class=\"elementor-element elementor-element-575d77f elementor-widget elementor-widget-text-editor\" data-id=\"575d77f\" data-element_type=\"widget\" data-e-type=\"widget\" data-widget_type=\"text-editor.default\">\n\t\t\t\t\t\t\t\t\t<p data-start=\"1856\" data-end=\"1911\">Ne manquez pas l\u2019occasion de d\u00e9couvrir nos sp\u00e9cialit\u00e9s.<\/p><p data-start=\"1913\" data-end=\"2000\">\ud83d\udccd Adresse : 15 Pl. de l&rsquo;\u00c9glise, 33930 Vendays-Montalivet<br data-start=\"1939\" data-end=\"1942\" \/>\ud83d\udcde T\u00e9l\u00e9phone : 0783236745<br data-start=\"1970\" data-end=\"1973\" \/>\ud83d\udd52 Horaires : 11h &#8211; 14h \/ 19h &#8211; 22h<\/p>\t\t\t\t\t\t\t\t<\/div>\n\t\t\t\t<div class=\"elementor-element elementor-element-dc56442 elementor-button-warning elementor-align-center elementor-widget elementor-widget-button\" data-id=\"dc56442\" data-element_type=\"widget\" data-e-type=\"widget\" data-widget_type=\"button.default\">\n\t\t\t\t\t\t\t\t\t\t<a class=\"elementor-button elementor-button-link elementor-size-sm\" href=\"https:\/\/auboncoindemiguel.fr\/index.php\/reservation\/\">\n\t\t\t\t\t\t<span class=\"elementor-button-content-wrapper\">\n\t\t\t\t\t\t<span class=\"elementor-button-icon\">\n\t\t\t\t<svg aria-hidden=\"true\" class=\"e-font-icon-svg e-far-calendar-check\" viewBox=\"0 0 448 512\" xmlns=\"http:\/\/www.w3.org\/2000\/svg\"><path d=\"M400 64h-48V12c0-6.627-5.373-12-12-12h-40c-6.627 0-12 5.373-12 12v52H160V12c0-6.627-5.373-12-12-12h-40c-6.627 0-12 5.373-12 12v52H48C21.49 64 0 85.49 0 112v352c0 26.51 21.49 48 48 48h352c26.51 0 48-21.49 48-48V112c0-26.51-21.49-48-48-48zm-6 400H54a6 6 0 0 1-6-6V160h352v298a6 6 0 0 1-6 6zm-52.849-200.65L198.842 404.519c-4.705 4.667-12.303 4.637-16.971-.068l-75.091-75.699c-4.667-4.705-4.637-12.303.068-16.971l22.719-22.536c4.705-4.667 12.303-4.637 16.97.069l44.104 44.461 111.072-110.181c4.705-4.667 12.303-4.637 16.971.068l22.536 22.718c4.667 4.705 4.636 12.303-.069 16.97z\"><\/path><\/svg>\t\t\t<\/span>\n\t\t\t\t\t\t\t\t\t<span class=\"elementor-button-text\">Je r\u00e9serve !<\/span>\n\t\t\t\t\t<\/span>\n\t\t\t\t\t<\/a>\n\t\t\t\t\t\t\t\t<\/div>\n\t\t\t\t\t<\/div>\n\t\t\t\t<\/div>\n\t\t\t\t<\/div>\n\t\t","protected":false},"excerpt":{"rendered":"<p>\ud83c\udf1e Bienvenue au Bon Coin de Miguel L\u2019authenticit\u00e9 espagnole au c\u0153ur de votre assiette \u00a0Au Bon Coin de Miguel, nous [&hellip;]<\/p>\n","protected":false},"author":1,"featured_media":0,"parent":0,"menu_order":0,"comment_status":"closed","ping_status":"closed","template":"","meta":{"_seopress_robots_primary_cat":"","_seopress_titles_title":"Au bon coin de Miguel | Restaurant Espagnol \u00e0 Vendays-Montalivet","_seopress_titles_desc":"D\u00e9couvrez Au bon coin de Miguel, restaurant espagnol \u00e0 Vendays-Montalivet. Tapas, paella et sp\u00e9cialit\u00e9s maison dans une ambiance chaleureuse. R\u00e9servez votre table d\u00e8s maintenant !","_seopress_robots_index":"","site-sidebar-layout":"no-sidebar","site-content-layout":"","ast-site-content-layout":"full-width-container","site-content-style":"default","site-sidebar-style":"default","ast-global-header-display":"","ast-banner-title-visibility":"","ast-main-header-display":"","ast-hfb-above-header-display":"","ast-hfb-below-header-display":"","ast-hfb-mobile-header-display":"","site-post-title":"disabled","ast-breadcrumbs-content":"","ast-featured-img":"disabled","footer-sml-layout":"","ast-disable-related-posts":"","theme-transparent-header-meta":"","adv-header-id-meta":"","stick-header-meta":"","header-above-stick-meta":"","header-main-stick-meta":"","header-below-stick-meta":"","astra-migrate-meta-layouts":"default","ast-page-background-enabled":"default","ast-page-background-meta":{"desktop":{"background-color":"var(--ast-global-color-5)","background-image":"","background-repeat":"repeat","background-position":"center center","background-size":"auto","background-attachment":"scroll","background-type":"","background-media":"","overlay-type":"","overlay-color":"","overlay-opacity":"","overlay-gradient":""},"tablet":{"background-color":"","background-image":"","background-repeat":"repeat","background-position":"center center","background-size":"auto","background-attachment":"scroll","background-type":"","background-media":"","overlay-type":"","overlay-color":"","overlay-opacity":"","overlay-gradient":""},"mobile":{"background-color":"","background-image":"","background-repeat":"repeat","background-position":"center center","background-size":"auto","background-attachment":"scroll","background-type":"","background-media":"","overlay-type":"","overlay-color":"","overlay-opacity":"","overlay-gradient":""}},"ast-content-background-meta":{"desktop":{"background-color":"var(--ast-global-color-4)","background-image":"","background-repeat":"repeat","background-position":"center center","background-size":"auto","background-attachment":"scroll","background-type":"","background-media":"","overlay-type":"","overlay-color":"","overlay-opacity":"","overlay-gradient":""},"tablet":{"background-color":"var(--ast-global-color-4)","background-image":"","background-repeat":"repeat","background-position":"center center","background-size":"auto","background-attachment":"scroll","background-type":"","background-media":"","overlay-type":"","overlay-color":"","overlay-opacity":"","overlay-gradient":""},"mobile":{"background-color":"var(--ast-global-color-4)","background-image":"","background-repeat":"repeat","background-position":"center center","background-size":"auto","background-attachment":"scroll","background-type":"","background-media":"","overlay-type":"","overlay-color":"","overlay-opacity":"","overlay-gradient":""}},"footnotes":""},"class_list":["post-49","page","type-page","status-publish","hentry"],"_links":{"self":[{"href":"https:\/\/auboncoindemiguel.fr\/index.php\/wp-json\/wp\/v2\/pages\/49","targetHints":{"allow":["GET"]}}],"collection":[{"href":"https:\/\/auboncoindemiguel.fr\/index.php\/wp-json\/wp\/v2\/pages"}],"about":[{"href":"https:\/\/auboncoindemiguel.fr\/index.php\/wp-json\/wp\/v2\/types\/page"}],"author":[{"embeddable":true,"href":"https:\/\/auboncoindemiguel.fr\/index.php\/wp-json\/wp\/v2\/users\/1"}],"replies":[{"embeddable":true,"href":"https:\/\/auboncoindemiguel.fr\/index.php\/wp-json\/wp\/v2\/comments?post=49"}],"version-history":[{"count":54,"href":"https:\/\/auboncoindemiguel.fr\/index.php\/wp-json\/wp\/v2\/pages\/49\/revisions"}],"predecessor-version":[{"id":207,"href":"https:\/\/auboncoindemiguel.fr\/index.php\/wp-json\/wp\/v2\/pages\/49\/revisions\/207"}],"wp:attachment":[{"href":"https:\/\/auboncoindemiguel.fr\/index.php\/wp-json\/wp\/v2\/media?parent=49"}],"curies":[{"name":"wp","href":"https:\/\/api.w.org\/{rel}","templated":true}]}}