{"id":98,"date":"2026-02-09T16:00:49","date_gmt":"2026-02-09T16:00:49","guid":{"rendered":"https:\/\/auboncoindemiguel.fr\/?page_id=98"},"modified":"2026-02-26T09:45:09","modified_gmt":"2026-02-26T09:45:09","slug":"menu","status":"publish","type":"page","link":"https:\/\/auboncoindemiguel.fr\/index.php\/menu\/","title":{"rendered":"Menu"},"content":{"rendered":"\t\t<div data-elementor-type=\"wp-page\" data-elementor-id=\"98\" class=\"elementor elementor-98\">\n\t\t\t\t<div class=\"elementor-element elementor-element-c0ebfee e-flex e-con-boxed e-con e-parent\" data-id=\"c0ebfee\" data-element_type=\"container\" data-e-type=\"container\">\n\t\t\t\t\t<div class=\"e-con-inner\">\n\t\t\t\t<div class=\"elementor-element elementor-element-56abc5d elementor-widget elementor-widget-heading\" data-id=\"56abc5d\" data-element_type=\"widget\" data-e-type=\"widget\" data-widget_type=\"heading.default\">\n\t\t\t\t\t<h2 class=\"elementor-heading-title elementor-size-default\">Menu \u00e0 25\u20ac<\/h2>\t\t\t\t<\/div>\n\t\t\t\t<div class=\"elementor-element elementor-element-91ddfb6 elementor-widget elementor-widget-heading\" data-id=\"91ddfb6\" data-element_type=\"widget\" data-e-type=\"widget\" data-widget_type=\"heading.default\">\n\t\t\t\t\t<div class=\"elementor-heading-title elementor-size-default\">D\u00e9couvrez notre formule gourmande pens\u00e9e pour vous faire voyager au c\u0153ur de l\u2019Espagne !<\/div>\t\t\t\t<\/div>\n\t\t\t\t<div class=\"elementor-element elementor-element-36e4d93 elementor-widget elementor-widget-heading\" data-id=\"36e4d93\" data-element_type=\"widget\" data-e-type=\"widget\" data-widget_type=\"heading.default\">\n\t\t\t\t\t<h5 class=\"elementor-heading-title elementor-size-default\">Entr\u00e9es et desserts \u00e0 volont\u00e9 \u2013 Plat au choix servi \u00e0 table<\/h5>\t\t\t\t<\/div>\n\t\t\t\t<div class=\"elementor-element elementor-element-b0afb6c elementor-widget elementor-widget-heading\" data-id=\"b0afb6c\" data-element_type=\"widget\" data-e-type=\"widget\" data-widget_type=\"heading.default\">\n\t\t\t\t\t<h3 class=\"elementor-heading-title elementor-size-default\">Buffet d\u2019entr\u00e9es froides \u00e0 volont\u00e9<\/h3>\t\t\t\t<\/div>\n\t\t\t\t<div class=\"elementor-element elementor-element-819b6b5 elementor-widget elementor-widget-text-editor\" data-id=\"819b6b5\" data-element_type=\"widget\" data-e-type=\"widget\" data-widget_type=\"text-editor.default\">\n\t\t\t\t\t\t\t\t\t<p data-start=\"396\" data-end=\"460\">Commencez votre repas en toute libert\u00e9 avec notre buffet vari\u00e9 :<\/p><ul data-start=\"462\" data-end=\"635\"><li data-start=\"462\" data-end=\"481\"><p data-start=\"464\" data-end=\"481\">Carottes r\u00e2p\u00e9es<\/p><\/li><li data-start=\"482\" data-end=\"492\"><p data-start=\"484\" data-end=\"492\">C\u00e9leri<\/p><\/li><li data-start=\"493\" data-end=\"507\"><p data-start=\"495\" data-end=\"507\">Betteraves<\/p><\/li><li data-start=\"508\" data-end=\"523\"><p data-start=\"510\" data-end=\"523\">Pi\u00e9montaise<\/p><\/li><li data-start=\"524\" data-end=\"535\"><p data-start=\"526\" data-end=\"535\">Taboul\u00e9<\/p><\/li><li data-start=\"536\" data-end=\"549\"><p data-start=\"538\" data-end=\"549\">\u0152ufs durs<\/p><\/li><li data-start=\"550\" data-end=\"566\"><p data-start=\"552\" data-end=\"566\">Charcuteries<\/p><\/li><li data-start=\"567\" data-end=\"583\"><p data-start=\"569\" data-end=\"583\">P\u00e2t\u00e9 de t\u00eate<\/p><\/li><li data-start=\"584\" data-end=\"635\"><p data-start=\"586\" data-end=\"635\">Et bien plus encore selon l\u2019inspiration du chef<\/p><\/li><\/ul><p data-start=\"637\" data-end=\"698\">\ud83d\udc49 Servez-vous \u00e0 volont\u00e9 et d\u00e9couvrez nos sp\u00e9cialit\u00e9s maison.<\/p>\t\t\t\t\t\t\t\t<\/div>\n\t\t\t\t<div class=\"elementor-element elementor-element-86b1473 elementor-widget elementor-widget-heading\" data-id=\"86b1473\" data-element_type=\"widget\" data-e-type=\"widget\" data-widget_type=\"heading.default\">\n\t\t\t\t\t<h3 class=\"elementor-heading-title elementor-size-default\">Plat au choix<\/h3>\t\t\t\t<\/div>\n\t\t\t\t<div class=\"elementor-element elementor-element-439ab90 elementor-widget elementor-widget-text-editor\" data-id=\"439ab90\" data-element_type=\"widget\" data-e-type=\"widget\" data-widget_type=\"text-editor.default\">\n\t\t\t\t\t\t\t\t\t<h3 data-start=\"755\" data-end=\"771\">\ud83d\udc1f C\u00f4t\u00e9 Mer<\/h3><p data-start=\"772\" data-end=\"809\">Selon le march\u00e9 et l\u2019arrivage frais :<\/p><ul data-start=\"811\" data-end=\"865\"><li data-start=\"811\" data-end=\"833\"><p data-start=\"813\" data-end=\"833\">Filet de lieu noir<\/p><\/li><li data-start=\"834\" data-end=\"844\"><p data-start=\"836\" data-end=\"844\">Saumon<\/p><\/li><li data-start=\"845\" data-end=\"865\"><p data-start=\"847\" data-end=\"865\">Encornets farcis<\/p><\/li><\/ul><hr data-start=\"867\" data-end=\"870\" \/><h3 data-start=\"872\" data-end=\"890\">\u00a0<\/h3><h3 data-start=\"872\" data-end=\"890\">\ud83e\udd69 C\u00f4t\u00e9 Terre<\/h3><ul data-start=\"892\" data-end=\"1037\"><li data-start=\"892\" data-end=\"917\"><p data-start=\"894\" data-end=\"917\">Viande selon arrivage<\/p><\/li><li data-start=\"918\" data-end=\"949\"><p data-start=\"920\" data-end=\"949\">Poulet r\u00f4ti \u00e0 la r\u00f4tissoire<\/p><\/li><li data-start=\"950\" data-end=\"971\"><p data-start=\"952\" data-end=\"971\">Rougail saucisses<\/p><\/li><li data-start=\"972\" data-end=\"982\"><p data-start=\"974\" data-end=\"982\">Pa\u00eblla<\/p><\/li><li data-start=\"983\" data-end=\"997\"><p data-start=\"985\" data-end=\"997\">Choucroute<\/p><\/li><li data-start=\"998\" data-end=\"1015\"><p data-start=\"1000\" data-end=\"1015\">Moules frites<\/p><\/li><li data-start=\"1016\" data-end=\"1037\"><p data-start=\"1018\" data-end=\"1037\">Hachis Parmentier<\/p><\/li><\/ul><p data-start=\"1039\" data-end=\"1108\">\ud83d\udc49 Des plats g\u00e9n\u00e9reux, pr\u00e9par\u00e9s avec des produits frais et de saison.<\/p>\t\t\t\t\t\t\t\t<\/div>\n\t\t\t\t<div class=\"elementor-element elementor-element-e70950b elementor-widget elementor-widget-heading\" data-id=\"e70950b\" data-element_type=\"widget\" data-e-type=\"widget\" data-widget_type=\"heading.default\">\n\t\t\t\t\t<h3 class=\"elementor-heading-title elementor-size-default\">Tapas suppl\u00e9mentaires<\/h3>\t\t\t\t<\/div>\n\t\t\t\t<div class=\"elementor-element elementor-element-d93985c elementor-widget elementor-widget-text-editor\" data-id=\"d93985c\" data-element_type=\"widget\" data-e-type=\"widget\" data-widget_type=\"text-editor.default\">\n\t\t\t\t\t\t\t\t\t<p data-start=\"1018\" data-end=\"1088\">Envie d\u2019en d\u00e9couvrir encore plus ?<br data-start=\"1052\" data-end=\"1055\" \/>Ajoutez des tapas \u00e0 votre repas :<\/p><p data-start=\"1090\" data-end=\"1108\"><strong data-start=\"1090\" data-end=\"1108\">\u00c0 partir de 3\u20ac<\/strong><\/p>\t\t\t\t\t\t\t\t<\/div>\n\t\t\t\t<div class=\"elementor-element elementor-element-cb2672f elementor-widget elementor-widget-heading\" data-id=\"cb2672f\" data-element_type=\"widget\" data-e-type=\"widget\" data-widget_type=\"heading.default\">\n\t\t\t\t\t<h3 class=\"elementor-heading-title elementor-size-default\">Buffet de desserts \u00e0 volont\u00e9<\/h3>\t\t\t\t<\/div>\n\t\t\t\t<div class=\"elementor-element elementor-element-ce703c4 elementor-widget elementor-widget-text-editor\" data-id=\"ce703c4\" data-element_type=\"widget\" data-e-type=\"widget\" data-widget_type=\"text-editor.default\">\n\t\t\t\t\t\t\t\t\t<p data-start=\"1152\" data-end=\"1184\">Pour finir sur une note sucr\u00e9e :<\/p><ul data-start=\"1186\" data-end=\"1335\"><li data-start=\"1186\" data-end=\"1201\"><p data-start=\"1188\" data-end=\"1201\">Panna cotta<\/p><\/li><li data-start=\"1202\" data-end=\"1219\"><p data-start=\"1204\" data-end=\"1219\">G\u00e2teau basque<\/p><\/li><li data-start=\"1220\" data-end=\"1240\"><p data-start=\"1222\" data-end=\"1240\">Tarte aux pommes<\/p><\/li><li data-start=\"1241\" data-end=\"1252\"><p data-start=\"1243\" data-end=\"1252\">Gaufres<\/p><\/li><li data-start=\"1253\" data-end=\"1265\"><p data-start=\"1255\" data-end=\"1265\">Mascotte<\/p><\/li><li data-start=\"1266\" data-end=\"1287\"><p data-start=\"1268\" data-end=\"1287\">Glaces \u00e0 la carte<\/p><\/li><li data-start=\"1288\" data-end=\"1305\"><p data-start=\"1290\" data-end=\"1305\">Caf\u00e9 gourmand<\/p><\/li><li data-start=\"1306\" data-end=\"1335\"><p data-start=\"1308\" data-end=\"1335\">Et bien d\u2019autres douceurs<\/p><\/li><\/ul><p data-start=\"1337\" data-end=\"1391\">\ud83d\udc49 Faites-vous plaisir\u2026 autant que vous le souhaitez !<\/p>\t\t\t\t\t\t\t\t<\/div>\n\t\t\t\t<div class=\"elementor-element elementor-element-be03847 elementor-widget elementor-widget-heading\" data-id=\"be03847\" data-element_type=\"widget\" data-e-type=\"widget\" data-widget_type=\"heading.default\">\n\t\t\t\t\t<h2 class=\"elementor-heading-title elementor-size-default\">Menu enfant - 15\u20ac<\/h2>\t\t\t\t<\/div>\n\t\t\t\t<div class=\"elementor-element elementor-element-965cb5f elementor-widget elementor-widget-text-editor\" data-id=\"965cb5f\" data-element_type=\"widget\" data-e-type=\"widget\" data-widget_type=\"text-editor.default\">\n\t\t\t\t\t\t\t\t\t<p data-start=\"1142\" data-end=\"1179\">Une formule adapt\u00e9e aux plus jeunes :<\/p><ul data-start=\"1181\" data-end=\"1220\"><li data-start=\"1181\" data-end=\"1196\"><p data-start=\"1183\" data-end=\"1196\">Plat enfant<\/p><\/li><li data-start=\"1197\" data-end=\"1208\"><p data-start=\"1199\" data-end=\"1208\">Dessert<\/p><\/li><li data-start=\"1209\" data-end=\"1220\"><p data-start=\"1211\" data-end=\"1220\">Boisson<\/p><\/li><\/ul>\t\t\t\t\t\t\t\t<\/div>\n\t\t\t\t<div class=\"elementor-element elementor-element-1a66b04 elementor-widget elementor-widget-heading\" data-id=\"1a66b04\" data-element_type=\"widget\" data-e-type=\"widget\" data-widget_type=\"heading.default\">\n\t\t\t\t\t<h3 class=\"elementor-heading-title elementor-size-default\">R\u00e9servez votre table d\u00e8s maintenant<\/h3>\t\t\t\t<\/div>\n\t\t\t\t\t<\/div>\n\t\t\t\t<\/div>\n\t\t<div class=\"elementor-element elementor-element-4a91a10 e-flex e-con-boxed e-con e-parent\" data-id=\"4a91a10\" data-element_type=\"container\" data-e-type=\"container\">\n\t\t\t\t\t<div class=\"e-con-inner\">\n\t\t\t\t<div class=\"elementor-element elementor-element-9b9992e elementor-button-danger elementor-align-center elementor-widget elementor-widget-button\" data-id=\"9b9992e\" data-element_type=\"widget\" data-e-type=\"widget\" data-widget_type=\"button.default\">\n\t\t\t\t\t\t\t\t\t\t<a class=\"elementor-button elementor-button-link elementor-size-sm\" href=\"https:\/\/auboncoindemiguel.fr\/index.php\/reservation\/\">\n\t\t\t\t\t\t<span class=\"elementor-button-content-wrapper\">\n\t\t\t\t\t\t<span class=\"elementor-button-icon\">\n\t\t\t\t<svg aria-hidden=\"true\" class=\"e-font-icon-svg e-far-calendar-check\" viewBox=\"0 0 448 512\" xmlns=\"http:\/\/www.w3.org\/2000\/svg\"><path d=\"M400 64h-48V12c0-6.627-5.373-12-12-12h-40c-6.627 0-12 5.373-12 12v52H160V12c0-6.627-5.373-12-12-12h-40c-6.627 0-12 5.373-12 12v52H48C21.49 64 0 85.49 0 112v352c0 26.51 21.49 48 48 48h352c26.51 0 48-21.49 48-48V112c0-26.51-21.49-48-48-48zm-6 400H54a6 6 0 0 1-6-6V160h352v298a6 6 0 0 1-6 6zm-52.849-200.65L198.842 404.519c-4.705 4.667-12.303 4.637-16.971-.068l-75.091-75.699c-4.667-4.705-4.637-12.303.068-16.971l22.719-22.536c4.705-4.667 12.303-4.637 16.97.069l44.104 44.461 111.072-110.181c4.705-4.667 12.303-4.637 16.971.068l22.536 22.718c4.667 4.705 4.636 12.303-.069 16.97z\"><\/path><\/svg>\t\t\t<\/span>\n\t\t\t\t\t\t\t\t\t<span class=\"elementor-button-text\">Je r\u00e9serve !<\/span>\n\t\t\t\t\t<\/span>\n\t\t\t\t\t<\/a>\n\t\t\t\t\t\t\t\t<\/div>\n\t\t\t\t\t<\/div>\n\t\t\t\t<\/div>\n\t\t\t\t<\/div>\n\t\t","protected":false},"excerpt":{"rendered":"<p>Menu \u00e0 25\u20ac D\u00e9couvrez notre formule gourmande pens\u00e9e pour vous faire voyager au c\u0153ur de l\u2019Espagne ! Entr\u00e9es et desserts [&hellip;]<\/p>\n","protected":false},"author":1,"featured_media":0,"parent":0,"menu_order":0,"comment_status":"closed","ping_status":"closed","template":"","meta":{"_seopress_robots_primary_cat":"","_seopress_titles_title":"Menu Restaurant Espagnol \u00e0 Vendays-Montalivet | Au bon coin de Miguel","_seopress_titles_desc":"D\u00e9couvrez le menu du restaurant Au bon coin de Miguel \u00e0 Vendays-Montalivet : tapas, paella, viandes, poissons et sp\u00e9cialit\u00e9s espagnoles faites maison.","_seopress_robots_index":"","site-sidebar-layout":"no-sidebar","site-content-layout":"","ast-site-content-layout":"full-width-container","site-content-style":"default","site-sidebar-style":"default","ast-global-header-display":"","ast-banner-title-visibility":"","ast-main-header-display":"","ast-hfb-above-header-display":"","ast-hfb-below-header-display":"","ast-hfb-mobile-header-display":"","site-post-title":"disabled","ast-breadcrumbs-content":"","ast-featured-img":"disabled","footer-sml-layout":"","ast-disable-related-posts":"","theme-transparent-header-meta":"","adv-header-id-meta":"","stick-header-meta":"","header-above-stick-meta":"","header-main-stick-meta":"","header-below-stick-meta":"","astra-migrate-meta-layouts":"default","ast-page-background-enabled":"default","ast-page-background-meta":{"desktop":{"background-color":"var(--ast-global-color-5)","background-image":"","background-repeat":"repeat","background-position":"center center","background-size":"auto","background-attachment":"scroll","background-type":"","background-media":"","overlay-type":"","overlay-color":"","overlay-opacity":"","overlay-gradient":""},"tablet":{"background-color":"","background-image":"","background-repeat":"repeat","background-position":"center center","background-size":"auto","background-attachment":"scroll","background-type":"","background-media":"","overlay-type":"","overlay-color":"","overlay-opacity":"","overlay-gradient":""},"mobile":{"background-color":"","background-image":"","background-repeat":"repeat","background-position":"center center","background-size":"auto","background-attachment":"scroll","background-type":"","background-media":"","overlay-type":"","overlay-color":"","overlay-opacity":"","overlay-gradient":""}},"ast-content-background-meta":{"desktop":{"background-color":"var(--ast-global-color-4)","background-image":"","background-repeat":"repeat","background-position":"center center","background-size":"auto","background-attachment":"scroll","background-type":"","background-media":"","overlay-type":"","overlay-color":"","overlay-opacity":"","overlay-gradient":""},"tablet":{"background-color":"var(--ast-global-color-4)","background-image":"","background-repeat":"repeat","background-position":"center center","background-size":"auto","background-attachment":"scroll","background-type":"","background-media":"","overlay-type":"","overlay-color":"","overlay-opacity":"","overlay-gradient":""},"mobile":{"background-color":"var(--ast-global-color-4)","background-image":"","background-repeat":"repeat","background-position":"center center","background-size":"auto","background-attachment":"scroll","background-type":"","background-media":"","overlay-type":"","overlay-color":"","overlay-opacity":"","overlay-gradient":""}},"footnotes":""},"class_list":["post-98","page","type-page","status-publish","hentry"],"_links":{"self":[{"href":"https:\/\/auboncoindemiguel.fr\/index.php\/wp-json\/wp\/v2\/pages\/98","targetHints":{"allow":["GET"]}}],"collection":[{"href":"https:\/\/auboncoindemiguel.fr\/index.php\/wp-json\/wp\/v2\/pages"}],"about":[{"href":"https:\/\/auboncoindemiguel.fr\/index.php\/wp-json\/wp\/v2\/types\/page"}],"author":[{"embeddable":true,"href":"https:\/\/auboncoindemiguel.fr\/index.php\/wp-json\/wp\/v2\/users\/1"}],"replies":[{"embeddable":true,"href":"https:\/\/auboncoindemiguel.fr\/index.php\/wp-json\/wp\/v2\/comments?post=98"}],"version-history":[{"count":8,"href":"https:\/\/auboncoindemiguel.fr\/index.php\/wp-json\/wp\/v2\/pages\/98\/revisions"}],"predecessor-version":[{"id":162,"href":"https:\/\/auboncoindemiguel.fr\/index.php\/wp-json\/wp\/v2\/pages\/98\/revisions\/162"}],"wp:attachment":[{"href":"https:\/\/auboncoindemiguel.fr\/index.php\/wp-json\/wp\/v2\/media?parent=98"}],"curies":[{"name":"wp","href":"https:\/\/api.w.org\/{rel}","templated":true}]}}